





{"id":10847,"date":"2023-08-24T16:18:36","date_gmt":"2023-08-24T14:18:36","guid":{"rendered":"https:\/\/living-sails.dvelas.com\/landing\/knot-lamp\/"},"modified":"2025-06-30T13:19:00","modified_gmt":"2025-06-30T11:19:00","slug":"knot-lampara","status":"publish","type":"page","link":"https:\/\/living-sails.dvelas.com\/landing\/es\/knot-lampara\/","title":{"rendered":"Knot lamp"},"content":{"rendered":"[vc_row row_layout=\u00bbfull\u00bb el_class=\u00bbheader-page-02&#8243;][vc_column width=\u00bb1\/2&#8243;][text]<video autoplay=\"autoplay\" loop=\"loop\" muted=\"\" width=\"897.234\" height=\"583\"><span data-mce-type=\"bookmark\" style=\"display: inline-block; width: 0px; overflow: hidden; line-height: 0;\" class=\"mce_SELRES_start\">\ufeff<\/span><source src=\"\/landing\/media\/knot-dvelas.mp4\" type=\"video\/mp4\" \/><span data-mce-type=\"bookmark\" style=\"display: inline-block; width: 0px; overflow: hidden; line-height: 0;\" class=\"mce_SELRES_end\">\ufeff<\/span><\/video>[\/text][\/vc_column][vc_column row_spacing=\u00bbtop-spacing\u00bb width=\u00bb1\/2&#8243; el_class=\u00bbbox\u00bb][single_image image=\u00bb10560&#8243;][text]\n<h1><strong>L\u00c1MPARA<\/strong> KNOT<\/h1>\n<p>Nuestras l\u00e1mparas est\u00e1n dise\u00f1adas con tejido de velas de barco recuperadas, lo que significa que no hay dos iguales. En esta tienda te proporcionamos una variedad de temas para inspirarte a la hora de elegir el estilo que m\u00e1s te guste y asegurarnos de que recibir\u00e1s algo similar, pero al mismo tiempo \u00fanico.[\/text][\/vc_column][\/vc_row][vc_row row_layout=\u00bbfull\u00bb row_spacing=\u00bbtop-spacing\u00bb el_class=\u00bblist-products\u00bb][vc_column width=\u00bb1\/1&#8243; el_class=\u00bbtextMax\u00bb][ttproduct_block image=\u00bb10757&#8243; titulo=\u00bbBlue Ocean\u00bb url=\u00bbhttps:\/\/dvelas.thrivecart.com\/knot-458-blue-ocean-spain\/?coupon=SUMMERSALE50&#8243;][ttproduct_block image=\u00bb10763&#8243; titulo=\u00bbMarine salt\u00bb url=\u00bbhttps:\/\/dvelas.thrivecart.com\/knot-460-marine-salt-spain\/?coupon=SUMMERSALE50&#8243;][ttproduct_block image=\u00bb10766&#8243; titulo=\u00bbSea Breeze\u00bb url=\u00bbhttps:\/\/dvelas.thrivecart.com\/knot-461-sea-breeze-spain\/?coupon=SUMMERSALE50&#8243;][ttproduct_block image=\u00bb10769&#8243; titulo=\u00bbGolden Sea\u00bb url=\u00bbhttps:\/\/dvelas.thrivecart.com\/knot-462-golden-sea-spain\/?coupon=SUMMERSALE50&#8243;][ttproduct_block image=\u00bb10772&#8243; titulo=\u00bbFull swing\u00bb url=\u00bbhttps:\/\/dvelas.thrivecart.com\/knot-463-full-swing-spain\/?coupon=SUMMERSALE50&#8243;][ttproduct_block image=\u00bb10775&#8243; titulo=\u00bbNautical sunburst\u00bb url=\u00bbhttps:\/\/dvelas.thrivecart.com\/knot-464-nautical-sunburst-spain\/?coupon=SUMMERSALE50&#8243;][ttproduct_block image=\u00bb10778&#8243; titulo=\u00bbSea foam\u00bb url=\u00bbhttps:\/\/dvelas.thrivecart.com\/knot-464-nautical-sunburst-spain\/?coupon=SUMMERSALE50&#8243;][ttproduct_block image=\u00bb10781&#8243; titulo=\u00bbSeashell\u00bb url=\u00bbhttps:\/\/dvelas.thrivecart.com\/knot-466-seashell-spain\/?coupon=SUMMERSALE50&#8243;][ttproduct_block image=\u00bb10784&#8243; titulo=\u00bbWind chatcher\u00bb url=\u00bbhttps:\/\/dvelas.thrivecart.com\/knot-467-wind-catcher-spain\/?coupon=SUMMERSALE50&#8243;][ttproduct_block image=\u00bb10787&#8243; titulo=\u00bbSun Ray\u00bb url=\u00bbhttps:\/\/dvelas.thrivecart.com\/knot-467-wind-catcher-spain\/?coupon=SUMMERSALE50&#8243;][ttproduct_block image=\u00bb10796&#8243; titulo=\u00bbSea storm\u00bb url=\u00bbhttps:\/\/dvelas.thrivecart.com\/knot-471-sea-storm-spain\/?coupon=SUMMERSALE50&#8243;][ttproduct_block image=\u00bb10799&#8243; titulo=\u00bbCalm sea\u00bb url=\u00bbhttps:\/\/dvelas.thrivecart.com\/knot-472-calm-sea-spain\/?coupon=SUMMERSALE50&#8243;][ttproduct_block image=\u00bb10802&#8243; titulo=\u00bbCharly\u00bb url=\u00bbhttps:\/\/dvelas.thrivecart.com\/knot-473-charly-spain\/?coupon=SUMMERSALE50&#8243;][ttproduct_block image=\u00bb10805&#8243; titulo=\u00bbCoral Reef\u00bb url=\u00bbhttps:\/\/dvelas.thrivecart.com\/knot-474-coral-reef-spain\/?coupon=SUMMERSALE50&#8243;][ttproduct_block image=\u00bb10808&#8243; titulo=\u00bbWavy Red\u00bb url=\u00bbhttps:\/\/dvelas.thrivecart.com\/knot-475-wavy-red-spain\/?coupon=SUMMERSALE50&#8243;][ttproduct_block image=\u00bb10811&#8243; titulo=\u00bbWhite Pearl\u00bb url=\u00bbhttps:\/\/dvelas.thrivecart.com\/knot-476-white-pearl-spain\/?coupon=SUMMERSALE50&#8243;][ttproduct_block image=\u00bb10814&#8243; titulo=\u00bbNautical Noir\u00bb url=\u00bbhttps:\/\/dvelas.thrivecart.com\/knot-477-nautical-noir-spain\/?coupon=SUMMERSALE50&#8243;][ttproduct_block image=\u00bb10820&#8243; titulo=\u00bbDeep sea\u00bb url=\u00bbhttps:\/\/dvelas.thrivecart.com\/knot-479-deep-sea-spain\/?coupon=SUMMERSALE50&#8243;][ttproduct_block image=\u00bb10823&#8243; titulo=\u00bbLighthouse\u00bb url=\u00bbhttps:\/\/dvelas.thrivecart.com\/knot-480-lighthouse-spain\/?coupon=SUMMERSALE50&#8243;][ttproduct_block image=\u00bb10826&#8243; titulo=\u00bbGreen light\u00bb url=\u00bbhttps:\/\/dvelas.thrivecart.com\/knot-481-green-light-spain\/?coupon=SUMMERSALE50&#8243;][ttproduct_block image=\u00bb10829&#8243; titulo=\u00bbDolphin\u00bb url=\u00bbhttps:\/\/dvelas.thrivecart.com\/knot-482-dolphin\/?coupon=SUMMERSALE50&#8243;][\/vc_column][\/vc_row][vc_row row_layout=\u00bbfull\u00bb row_spacing=\u00bbtop-spacing bottom-spacing\u00bb el_class=\u00bbbox-border\u00bb][vc_column width=\u00bb1\/1&#8243; el_class=\u00bbtextMax\u00bb][vc_row_inner][vc_column_inner width=\u00bb1\/3&#8243;][text]\n<h2><strong>CARACTER\u00cdSTICAS<\/strong> L\u00c1MPARA<\/h2>\n[\/text][\/vc_column_inner][vc_column_inner width=\u00bb1\/3&#8243;][\/vc_column_inner][vc_column_inner width=\u00bb1\/3&#8243;][\/vc_column_inner][\/vc_row_inner][vc_row_inner][vc_column_inner width=\u00bb1\/3&#8243;][text]\n<ul>\n<li>Peso: 400 g<\/li>\n<li>Volumen: 0,1 m\u00b3<\/li>\n<\/ul>\n[\/text][single_image image=\u00bb10566&#8243; image_description=\u00bbFeatures Lamp\u00bb][\/vc_column_inner][vc_column_inner width=\u00bb1\/3&#8243;][text]\n<ul>\n<li>Vela Maxi Yate recuperada.<\/li>\n<li>Dise\u00f1ado por el arquitecto Enrique Kahle Olaso para DVELAS.<\/li>\n<li>Port\u00e1til y recargable, con sistema de carga de emergencia.<\/li>\n<li>Intensidad de luz variable.<\/li>\n<li>Mantener presionado el boto\u00f3n 2 sec. para encendido y apagado.<\/li>\n<li>Tiempo de carga: 5 h via micro USB con indicador led.<\/li>\n<li>Autonom\u00eda. Modo \u201cM\u00e1ximo\u201d: Atenuaci\u00f3n progresiva del flujo hasta 30% de flujo inicial, 10hrs; Modo \u201cMedio\u201d: Atenuaci\u00f3n progresiva del flujo hasta 30% de flujo inicia, 20hrs; Modo \u201cM\u00ednimo\u201d Atenuaci\u00f3n progresiva del flujo hasta 30% de flujo inicial, 60hrs.<\/li>\n<li>Consumo del cargador USB suministrado: 230 V, 50\/60 Hz Max 7 Watt.<\/li>\n<li>Consumo m\u00e1ximo de l\u00e1mpra en modo \u201cpower bank\u201d. 7 Watt.<\/li>\n<\/ul>\n[\/text][\/vc_column_inner][vc_column_inner width=\u00bb1\/3&#8243;][text]\n<ul>\n<li>Voltage ligero del motor 3,3 Vdc.<\/li>\n<li>Tiempo de vida estimado 30,000 h.<\/li>\n<li>Batter\u00eda tipo Li-ION Voltage 3.7 V y capacidad 3000 mAh.<\/li>\n<li>Luminosidad m\u00e1xima 250 Im (2,10 W).<\/li>\n<li>Luminosidad media 180 Im (1,50 W).<\/li>\n<li>Luminosidad m\u00ednima 70 lm lm (0,55 W).<\/li>\n<li>Esta l\u00e1mpara contiene no reemplazables LED lamps.<\/li>\n<li>La l\u00e1mpara y su bater\u00eda se pueden utilizar para cargar un m\u00f3vil o cualquier otro dispositivo de bajo consumo alimentado por USB. No est\u00e1 previsto que sea su objetivo principal, pero puede proporcionar suficiente energ\u00eda para una emergencia. La potencia m\u00e1xima en este caso ser\u00e1 de 5,5 Watt (1 Amp)<\/li>\n<\/ul>\n[\/text][\/vc_column_inner][\/vc_row_inner][\/vc_column][\/vc_row][vc_row row_spacing=\u00bbtop-spacing\u00bb][vc_column width=\u00bb1\/1&#8243; el_class=\u00bbtextMax\u00bb][text]\n<div style=\"padding: 56.25% 0 0 0; position: relative;\"><div class=\"responsive-video\"><iframe style=\"position: absolute; top: 0; left: 0; width: 100%; height: 100%;\" src=\"https:\/\/player.vimeo.com\/video\/857141693?h=4090f6f296&amp;loop=1&amp;title=0&amp;byline=0\" frameborder=\"0\" allowfullscreen=\"allowfullscreen\"><\/iframe><\/div><\/div>\n[\/text][\/vc_column][\/vc_row][vc_row row_spacing=\u00bbtop-spacing\u00bb][vc_column width=\u00bb1\/2&#8243; el_class=\u00bbtextMax\u00bb][single_image image=\u00bb10606&#8243; image_description=\u00bbAt Dvelas no two pieces are the same\u00bb][\/vc_column][vc_column width=\u00bb1\/2&#8243;][text]\n<h2><strong>EN DVELAS NO HAY DOS PIEZS IGUALES<\/strong><\/h2>\n<ul>\n<li>Somos un estudio de dise\u00f1o impulsado por la misi\u00f3n de crear muebles y piezas de iluminaci\u00f3n excepcionales que encarnen el esp\u00edritu de las velas na\u00faticas. Nuestra pasi\u00f3n radica en transformar las velas desechadas en piezas extraordinarias.<\/li>\n<li>Cada vela que recuperamos tiene una rica y \u00fanica historia que contar, lo que hace que cada pieza que creamos sea verdaderamente especial. La naturaleza inherente del uso de tela de vela recuperada garantiza que no haya dos art\u00edculos id\u00e9nticos, lo que confiere una concepci\u00f3n distinta de valor y exclusividad a nuestras creaciones.<\/li>\n<li>Con nuestra meticulosa atenci\u00f3n al detalle y nuestro compromiso con el dise\u00f1o sostenible, damos nueva vida a estas velas olvidadas, infundi\u00e9ndoles prop\u00f3sito y belleza. Al incorporar el car\u00e1cter y la textura aut\u00e9nticos de la vela original, ofrecemos muebles y piezas de iluminaci\u00f3n cautivadores que combinan a la perfecci\u00f3n forma, funci\u00f3n y herencia mar\u00edtima.<\/li>\n<\/ul>\n[\/text][\/vc_column][\/vc_row][vc_row row_spacing=\u00bbtop-spacing\u00bb][vc_column width=\u00bb1\/2&#8243; el_class=\u00bbbox-list-normal\u00bb][text]\n<h2><strong>DESCUBRE NUESTROS PUFS<\/strong><\/h2>\n<p>Pufs de tejido de poli\u00e9ster procedente de vela n\u00e1utica recuperada.<\/p>\n<ul>\n<li>Apto para uso en exteriores.<\/li>\n<li>Funda con cremallera desenfundable para su lavado.<\/li>\n<li>Etiqueta de origen: barco, puerto, veler\u00eda original&#8230;<\/li>\n<li>Dise\u00f1o original, fabricado en Espa\u00f1a.<\/li>\n<\/ul>\n<p><a class=\"button\" href=\"https:\/\/living-sails.dvelas.com\/landing\/es\/genois-bean-bag-store\/\" target=\"_blank\" rel=\"noopener\">Ver ahora<\/a>[\/text][\/vc_column][vc_column width=\u00bb1\/2&#8243;][single_image image=\u00bb10611&#8243; image_description=\u00bbDISCOVER OUR BEAN BAGS\u00bb][\/vc_column][\/vc_row][vc_row row_layout=\u00bbfull\u00bb row_spacing=\u00bbtop-spacing\u00bb][vc_column width=\u00bb1\/1&#8243; el_class=\u00bbtextMax\u00bb][single_image image=\u00bb10588&#8243; image_description=\u00bbKnot Lamp\u00bb][\/vc_column][\/vc_row]\n","protected":false},"excerpt":{"rendered":"<p>[vc_row row_layout=\u00bbfull\u00bb el_class=\u00bbheader-page-02&#8243;][vc_column width=\u00bb1\/2&#8243;][text]\ufeff\ufeff[\/text][\/vc_column][vc_column row_spacing=\u00bbtop-spacing\u00bb width=\u00bb1\/2&#8243; el_class=\u00bbbox\u00bb][single_image image=\u00bb10560&#8243;][text] L\u00c1MPARA KNOT Nuestras l\u00e1mparas est\u00e1n dise\u00f1adas con tejido de velas de barco recuperadas, lo que significa que no hay dos iguales. En esta tienda te proporcionamos una variedad de temas para inspirarte a la hora de elegir el estilo que m\u00e1s te guste y asegurarnos de que [&hellip;]<\/p>\n","protected":false},"author":1,"featured_media":0,"parent":0,"menu_order":0,"comment_status":"closed","ping_status":"closed","template":"template-landing.php","meta":{"inline_featured_image":false},"yoast_head":"<!-- This site is optimized with the Yoast SEO plugin v17.8 - https:\/\/yoast.com\/wordpress\/plugins\/seo\/ -->\n<meta name=\"description\" content=\"Tienda de l\u00e1mparas KNOT de velas n\u00e1utica de la firma DVELAS. L\u00e1mparas de dise\u00f1o para disfrutar del mar en tu casa. Nos diferencia el dise\u00f1o circular, innovador y bello.\" \/>\n<meta name=\"robots\" content=\"index, follow, max-snippet:-1, max-image-preview:large, max-video-preview:-1\" \/>\n<link rel=\"canonical\" href=\"https:\/\/living-sails.dvelas.com\/landing\/es\/knot-lampara\/\" \/>\n<meta property=\"og:locale\" content=\"es_ES\" \/>\n<meta property=\"og:type\" content=\"article\" \/>\n<meta property=\"og:title\" content=\"Knot lamp &middot; Dvelas - Living Sails\" \/>\n<meta property=\"og:description\" content=\"Tienda de l\u00e1mparas KNOT de velas n\u00e1utica de la firma DVELAS. L\u00e1mparas de dise\u00f1o para disfrutar del mar en tu casa. Nos diferencia el dise\u00f1o circular, innovador y bello.\" \/>\n<meta property=\"og:url\" content=\"https:\/\/living-sails.dvelas.com\/landing\/es\/knot-lampara\/\" \/>\n<meta property=\"og:site_name\" content=\"Dvelas - Living Sails\" \/>\n<meta property=\"article:modified_time\" content=\"2025-06-30T11:19:00+00:00\" \/>\n<meta name=\"twitter:card\" content=\"summary_large_image\" \/>\n<meta name=\"twitter:label1\" content=\"Tiempo de lectura\" \/>\n\t<meta name=\"twitter:data1\" content=\"3 minutos\" \/>\n<script type=\"application\/ld+json\" class=\"yoast-schema-graph\">{\"@context\":\"https:\/\/schema.org\",\"@graph\":[{\"@type\":\"WebSite\",\"@id\":\"https:\/\/living-sails.dvelas.com\/landing\/#website\",\"url\":\"https:\/\/living-sails.dvelas.com\/landing\/\",\"name\":\"Dvelas - Living Sails\",\"description\":\"\",\"potentialAction\":[{\"@type\":\"SearchAction\",\"target\":{\"@type\":\"EntryPoint\",\"urlTemplate\":\"https:\/\/living-sails.dvelas.com\/landing\/?s={search_term_string}\"},\"query-input\":\"required name=search_term_string\"}],\"inLanguage\":\"es\"},{\"@type\":\"WebPage\",\"@id\":\"https:\/\/living-sails.dvelas.com\/landing\/es\/knot-lampara\/#webpage\",\"url\":\"https:\/\/living-sails.dvelas.com\/landing\/es\/knot-lampara\/\",\"name\":\"Knot lamp &middot; Dvelas - Living Sails\",\"isPartOf\":{\"@id\":\"https:\/\/living-sails.dvelas.com\/landing\/#website\"},\"datePublished\":\"2023-08-24T14:18:36+00:00\",\"dateModified\":\"2025-06-30T11:19:00+00:00\",\"description\":\"Tienda de l\\u00e1mparas KNOT de velas n\\u00e1utica de la firma DVELAS. L\\u00e1mparas de dise\\u00f1o para disfrutar del mar en tu casa. Nos diferencia el dise\\u00f1o circular, innovador y bello.\",\"breadcrumb\":{\"@id\":\"https:\/\/living-sails.dvelas.com\/landing\/es\/knot-lampara\/#breadcrumb\"},\"inLanguage\":\"es\",\"potentialAction\":[{\"@type\":\"ReadAction\",\"target\":[\"https:\/\/living-sails.dvelas.com\/landing\/es\/knot-lampara\/\"]}]},{\"@type\":\"BreadcrumbList\",\"@id\":\"https:\/\/living-sails.dvelas.com\/landing\/es\/knot-lampara\/#breadcrumb\",\"itemListElement\":[{\"@type\":\"ListItem\",\"position\":1,\"name\":\"Home\",\"item\":\"https:\/\/living-sails.dvelas.com\/landing\/es\/\"},{\"@type\":\"ListItem\",\"position\":2,\"name\":\"Knot lamp\"}]}]}<\/script>\n<!-- \/ Yoast SEO plugin. -->","yoast_head_json":{"description":"Tienda de l\u00e1mparas KNOT de velas n\u00e1utica de la firma DVELAS. L\u00e1mparas de dise\u00f1o para disfrutar del mar en tu casa. Nos diferencia el dise\u00f1o circular, innovador y bello.","robots":{"index":"index","follow":"follow","max-snippet":"max-snippet:-1","max-image-preview":"max-image-preview:large","max-video-preview":"max-video-preview:-1"},"canonical":"https:\/\/living-sails.dvelas.com\/landing\/es\/knot-lampara\/","og_locale":"es_ES","og_type":"article","og_title":"Knot lamp &middot; Dvelas - Living Sails","og_description":"Tienda de l\u00e1mparas KNOT de velas n\u00e1utica de la firma DVELAS. L\u00e1mparas de dise\u00f1o para disfrutar del mar en tu casa. Nos diferencia el dise\u00f1o circular, innovador y bello.","og_url":"https:\/\/living-sails.dvelas.com\/landing\/es\/knot-lampara\/","og_site_name":"Dvelas - Living Sails","article_modified_time":"2025-06-30T11:19:00+00:00","twitter_card":"summary_large_image","twitter_misc":{"Tiempo de lectura":"3 minutos"},"schema":{"@context":"https:\/\/schema.org","@graph":[{"@type":"WebSite","@id":"https:\/\/living-sails.dvelas.com\/landing\/#website","url":"https:\/\/living-sails.dvelas.com\/landing\/","name":"Dvelas - Living Sails","description":"","potentialAction":[{"@type":"SearchAction","target":{"@type":"EntryPoint","urlTemplate":"https:\/\/living-sails.dvelas.com\/landing\/?s={search_term_string}"},"query-input":"required name=search_term_string"}],"inLanguage":"es"},{"@type":"WebPage","@id":"https:\/\/living-sails.dvelas.com\/landing\/es\/knot-lampara\/#webpage","url":"https:\/\/living-sails.dvelas.com\/landing\/es\/knot-lampara\/","name":"Knot lamp &middot; Dvelas - Living Sails","isPartOf":{"@id":"https:\/\/living-sails.dvelas.com\/landing\/#website"},"datePublished":"2023-08-24T14:18:36+00:00","dateModified":"2025-06-30T11:19:00+00:00","description":"Tienda de l\u00e1mparas KNOT de velas n\u00e1utica de la firma DVELAS. L\u00e1mparas de dise\u00f1o para disfrutar del mar en tu casa. Nos diferencia el dise\u00f1o circular, innovador y bello.","breadcrumb":{"@id":"https:\/\/living-sails.dvelas.com\/landing\/es\/knot-lampara\/#breadcrumb"},"inLanguage":"es","potentialAction":[{"@type":"ReadAction","target":["https:\/\/living-sails.dvelas.com\/landing\/es\/knot-lampara\/"]}]},{"@type":"BreadcrumbList","@id":"https:\/\/living-sails.dvelas.com\/landing\/es\/knot-lampara\/#breadcrumb","itemListElement":[{"@type":"ListItem","position":1,"name":"Home","item":"https:\/\/living-sails.dvelas.com\/landing\/es\/"},{"@type":"ListItem","position":2,"name":"Knot lamp"}]}]}},"_links":{"self":[{"href":"https:\/\/living-sails.dvelas.com\/landing\/es\/wp-json\/wp\/v2\/pages\/10847"}],"collection":[{"href":"https:\/\/living-sails.dvelas.com\/landing\/es\/wp-json\/wp\/v2\/pages"}],"about":[{"href":"https:\/\/living-sails.dvelas.com\/landing\/es\/wp-json\/wp\/v2\/types\/page"}],"author":[{"embeddable":true,"href":"https:\/\/living-sails.dvelas.com\/landing\/es\/wp-json\/wp\/v2\/users\/1"}],"replies":[{"embeddable":true,"href":"https:\/\/living-sails.dvelas.com\/landing\/es\/wp-json\/wp\/v2\/comments?post=10847"}],"version-history":[{"count":27,"href":"https:\/\/living-sails.dvelas.com\/landing\/es\/wp-json\/wp\/v2\/pages\/10847\/revisions"}],"predecessor-version":[{"id":12383,"href":"https:\/\/living-sails.dvelas.com\/landing\/es\/wp-json\/wp\/v2\/pages\/10847\/revisions\/12383"}],"wp:attachment":[{"href":"https:\/\/living-sails.dvelas.com\/landing\/es\/wp-json\/wp\/v2\/media?parent=10847"}],"curies":[{"name":"wp","href":"https:\/\/api.w.org\/{rel}","templated":true}]}}