





{"id":11144,"date":"2023-10-04T18:26:16","date_gmt":"2023-10-04T16:26:16","guid":{"rendered":"https:\/\/living-sails.dvelas.com\/landing\/genois-bean-bag-store\/"},"modified":"2025-06-12T10:58:44","modified_gmt":"2025-06-12T08:58:44","slug":"genois-bean-bag-store","status":"publish","type":"page","link":"https:\/\/living-sails.dvelas.com\/landing\/es\/genois-bean-bag-store\/","title":{"rendered":"G\u00e9nois bean bag"},"content":{"rendered":"[vc_row row_layout=\u00bbfull\u00bb el_class=\u00bbheader-page-02&#8243;][vc_column width=\u00bb1\/2&#8243;][text]<video autoplay=\"autoplay\" loop=\"loop\" muted=\"\" width=\"897.234\" height=\"583\"><span data-mce-type=\"bookmark\" style=\"display: inline-block; width: 0px; overflow: hidden; line-height: 0;\" class=\"mce_SELRES_start\">\ufeff<\/span><source src=\"\/landing\/media\/Transicion_PUFF_DVELAS.mp4\" type=\"video\/mp4\" \/><span data-mce-type=\"bookmark\" style=\"display: inline-block; width: 0px; overflow: hidden; line-height: 0;\" class=\"mce_SELRES_end\">\ufeff<\/span><\/video>[\/text][\/vc_column][vc_column row_spacing=\u00bbtop-spacing\u00bb width=\u00bb1\/2&#8243; el_class=\u00bbbox\u00bb][single_image image=\u00bb11123&#8243;][text]\n<h1><strong>PUFS G\u00c9NOIS<\/strong><\/h1>\n<p>Nuestros pufs han sido dise\u00f1ados con velas de barco recuperadas y esto significa que no hay dos iguales. Aqu\u00ed te mostramos los que tenemos disponibles en este momento, sacados de velas que nos han llegado en los \u00faltimos meses.[\/text][\/vc_column][\/vc_row][vc_row row_layout=\u00bbfull\u00bb row_spacing=\u00bbtop-spacing\u00bb el_class=\u00bblist-products\u00bb][vc_column width=\u00bb1\/1&#8243; el_class=\u00bbtextMax\u00bb][ttproduct_block image=\u00bb10919&#8243; titulo=\u00bbG\u00e9nois 454 UE\u00bb url=\u00bbhttps:\/\/dvelas.thrivecart.com\/dvelas-genois-454-es\/?coupon=SUMMERSALE50&#8243;][ttproduct_block image=\u00bb11506&#8243; titulo=\u00bbG\u00e9nois 473 UE\u00bb url=\u00bbhttps:\/\/dvelas.thrivecart.com\/dvelas-genois-473-es\/?coupon=SUMMERSALE50&#8243;][ttproduct_block image=\u00bb10923&#8243; titulo=\u00bbG\u00e9nois 476 UE\u00bb url=\u00bbhttps:\/\/dvelas.thrivecart.com\/dvelas-genois-476-es\/?coupon=SUMMERSALE50&#8243;][ttproduct_block image=\u00bb10935&#8243; titulo=\u00bbG\u00e9nois 494 UE\u00bb url=\u00bbhttps:\/\/dvelas.thrivecart.com\/dvelas-cheslon-494-es\/?coupon=SUMMERSALE50&#8243;][ttproduct_block image=\u00bb10942&#8243; titulo=\u00bbG\u00e9nois 501 UE\u00bb url=\u00bbhttps:\/\/dvelas.thrivecart.com\/dvelas-genois-501-es\/?coupon=SUMMERSALE50&#8243;][ttproduct_block image=\u00bb10948&#8243; titulo=\u00bbG\u00e9nois 510 UE\u00bb url=\u00bbhttps:\/\/dvelas.thrivecart.com\/dvelas-genois-510-es\/?coupon=SUMMERSALE50&#8243;][ttproduct_block image=\u00bb10951&#8243; titulo=\u00bbG\u00e9nois 511 UE\u00bb url=\u00bbhttps:\/\/dvelas.thrivecart.com\/dvelas-genois-511-es\/?coupon=SUMMERSALE50&#8243;][ttproduct_block image=\u00bb10954&#8243; titulo=\u00bbG\u00e9nois 512 UE\u00bb url=\u00bbhttps:\/\/dvelas.thrivecart.com\/dvelas-genois-512-es\/?coupon=SUMMERSALE50&#8243;][ttproduct_block image=\u00bb10957&#8243; titulo=\u00bbG\u00e9nois 513 UE\u00bb url=\u00bbhttps:\/\/dvelas.thrivecart.com\/dvelas-genois-513-es\/?coupon=SUMMERSALE50&#8243;][ttproduct_block image=\u00bb11592&#8243; titulo=\u00bbG\u00e9nois 515 UE\u00bb url=\u00bbhttps:\/\/dvelas.thrivecart.com\/dvelas-genois-515-es\/?coupon=SUMMERSALE50&#8243;][ttproduct_block image=\u00bb11735&#8243; titulo=\u00bbG\u00e9nois 523 UE\u00bb url=\u00bbhttps:\/\/dvelas.thrivecart.com\/dvelas-genois-523-es\/MERSALE50&#8243;][ttproduct_block image=\u00bb11739&#8243; titulo=\u00bbG\u00e9nois 524 UE\u00bb url=\u00bbhttps:\/\/dvelas.thrivecart.com\/dvelas-genois-524-es\/\u00bb][ttproduct_block image=\u00bb11747&#8243; titulo=\u00bbG\u00e9nois 525 UE\u00bb url=\u00bbhttps:\/\/dvelas.thrivecart.com\/dvelas-genois-525-es\/\u00bb][ttproduct_block image=\u00bb11779&#8243; titulo=\u00bbG\u00e9nois 529 UE\u00bb url=\u00bbhttps:\/\/dvelas.thrivecart.com\/dvelas-genois-529-es\/\u00bb][ttproduct_block image=\u00bb11465&#8243; titulo=\u00bbG\u00e9nois Junior 54 UE\u00bb url=\u00bbhttps:\/\/dvelas.thrivecart.com\/dvelas-junior-54-es\/?coupon=SUMMERSALE50&#8243;][ttproduct_block image=\u00bb11468&#8243; titulo=\u00bbG\u00e9nois Junior 55 UE\u00bb url=\u00bbhttps:\/\/dvelas.thrivecart.com\/dvelas-junior-55-es\/?coupon=SUMMERSALE50&#8243;][ttproduct_block image=\u00bb10961&#8243; titulo=\u00bbG\u00e9nois Junior 67 UE\u00bb url=\u00bbhttps:\/\/dvelas.thrivecart.com\/dvelas-junior-67-es\/?coupon=SUMMERSALE50&#8243;][ttproduct_block image=\u00bb10965&#8243; titulo=\u00bbG\u00e9nois Junior 68 UE\u00bb url=\u00bbhttps:\/\/dvelas.thrivecart.com\/dvelas-junior-68-es\/?coupon=SUMMERSALE50&#8243;][ttproduct_block image=\u00bb10968&#8243; titulo=\u00bbG\u00e9nois Junior 69 UE\u00bb url=\u00bbhttps:\/\/dvelas.thrivecart.com\/dvelas-junior-69-es\/\u00bb][ttproduct_block image=\u00bb10971&#8243; titulo=\u00bbG\u00e9nois Junior 70 UE\u00bb url=\u00bbhttps:\/\/dvelas.thrivecart.com\/dvelas-junior-70-es\/?coupon=SUMMERSALE50&#8243;][ttproduct_block image=\u00bb10980&#8243; titulo=\u00bbG\u00e9nois Junior 73 UE\u00bb url=\u00bbhttps:\/\/dvelas.thrivecart.com\/dvelas-junior-73-es\/?coupon=SUMMERSALE50&#8243;][ttproduct_block image=\u00bb11584&#8243; titulo=\u00bbG\u00e9nois Junior 77 UE\u00bb url=\u00bbhttps:\/\/dvelas.thrivecart.com\/dvelas-junior-77-es\/?coupon=SUMMERSALE50&#8243;][ttproduct_block image=\u00bb11588&#8243; titulo=\u00bbG\u00e9nois Junior 78 UE\u00bb url=\u00bbhttps:\/\/dvelas.thrivecart.com\/dvelas-junior-78-es\/?coupon=SUMMERSALE50&#8243;][ttproduct_block image=\u00bb10990&#8243; titulo=\u00bbG\u00e9nois Mini 09 UE\u00bb url=\u00bbhttps:\/\/dvelas.thrivecart.com\/dvelas-mini-9-es\/?coupon=SUMMERSALE50&#8243;][ttproduct_block image=\u00bb10984&#8243; titulo=\u00bbG\u00e9nois Mini 08 UE\u00bb url=\u00bbhttps:\/\/dvelas.thrivecart.com\/dvelas-mini-8-es\/?coupon=SUMMERSALE50&#8243;][\/vc_column][\/vc_row][vc_row row_layout=\u00bbfull\u00bb row_spacing=\u00bbtop-spacing bottom-spacing\u00bb el_class=\u00bbbox-border\u00bb][vc_column width=\u00bb1\/1&#8243; el_class=\u00bbtextMax\u00bb][vc_row_inner][vc_column_inner width=\u00bb1\/3&#8243;][text]\n<h2><strong>CARACTER\u00cdSTICAS PUFFS <\/strong>G\u00c9NOIS<\/h2>\n[\/text][\/vc_column_inner][vc_column_inner width=\u00bb1\/3&#8243;][\/vc_column_inner][vc_column_inner width=\u00bb1\/3&#8243;][\/vc_column_inner][\/vc_row_inner][vc_row_inner][vc_column_inner width=\u00bb1\/3&#8243;][text]\n<ul>\n<li>El puf original hecho de vela de maxi-yate recuperada. Dise\u00f1ado y manufacturado en Europa.<\/li>\n<\/ul>\n[\/text][single_image image=\u00bb11027&#8243; image_description=\u00bbFeatures bean bag Genois Dvelas\u00bb image_spacing=\u00bbtop-spacing-med bottom-spacing-med\u00bb][\/vc_column_inner][vc_column_inner width=\u00bb1\/3&#8243;][text]\n<ul>\n<li>G\u00c9NOIS: 97x130x80 cm \/\/ 38x51x31 in<br \/>\nG\u00c9NOIS JUNIOR: 85x115x70 cm \/\/ 33x45x28 in<br \/>\nG\u00c9NOIS MINI:75x100x60 cm \/\/ 30x39x24 in CHESL\u00d3N: 97x200x80 cm \/\/ 38x79x31 in<\/li>\n<li>Dise\u00f1ado por el arquitecto Enrique Kahle Olaso para DVELAS.<\/li>\n<li>El tipo y peso de las velas recuperadas var\u00eda dependiendo del stock que va llegando.<\/li>\n<li>La funda exterior es extra\u00edble para facilitar el lavado en lavadora con jab\u00f3n neutro y agua fr\u00eda.<\/li>\n<li>El puf GENOIS est\u00e1 certificao por AITEX como producto ign\u00edfugo, n\u00ba report 2016AN1244.<br \/>\nCada puf contiene 0,27 m3 de relleno de perlas de polystyreno expandido Porexpan@ F-20<\/li>\n<\/ul>\n[\/text][\/vc_column_inner][vc_column_inner width=\u00bb1\/3&#8243;][text]\n<ul>\n<li>La vela del barco es un material de alta resistencia compuesto por poli\u00e9ster, nailon de aramida, ultra PE, fibra de carbono, PEN, LCP y PBO, seg\u00fan el tipo de vela.<\/li>\n<li>Es muy importante que el suelo donde se coloque el puf est\u00e9 limpio.<\/li>\n<li>No se recomienda ponerse de pie con o sin zapatos, ni saltar sobre el puf GENOIS.<\/li>\n<li>Su especial dise\u00f1o aplica la geometr\u00eda de un tetraedro para darle respaldo, dando como resultado un sof\u00e1 extraordinariamente estable y confortable.<\/li>\n<li>Todos est\u00e1n etiquetados con una inscripci\u00f3n que mantiene vivo el pasado de las velas: su puerto de origen, el tipo de vela, el fabricante original, su n\u00famero de expedici\u00f3n y por supuesto, el nombre del barco con el que navegaba.<\/li>\n<\/ul>\n[\/text][\/vc_column_inner][\/vc_row_inner][\/vc_column][\/vc_row][vc_row row_spacing=\u00bbtop-spacing\u00bb][vc_column width=\u00bb1\/1&#8243; el_class=\u00bbtextMax\u00bb][text]\n<div style=\"padding: 56.25% 0 0 0; position: relative;\"><div class=\"responsive-video\"><iframe style=\"position: absolute; top: 0; left: 0; width: 100%; height: 100%;\" src=\"https:\/\/player.vimeo.com\/video\/857150818?h=4090f6f296&amp;loop=1&amp;title=0&amp;byline=0\" frameborder=\"0\" allowfullscreen=\"allowfullscreen\"><\/iframe><\/div><\/div>\n[\/text][\/vc_column][\/vc_row][vc_row row_spacing=\u00bbtop-spacing\u00bb][vc_column width=\u00bb1\/2&#8243; el_class=\u00bbtextMax\u00bb][single_image image=\u00bb11037&#8243; image_description=\u00bbAt Dvelas no two pieces are the same\u00bb][\/vc_column][vc_column width=\u00bb1\/2&#8243;][text]\n<h2><strong>EN DVELAS NO HAY DOS PIEZAS IGUALES<br \/>\n<\/strong><\/h2>\n<ul>\n<li>Somos un estudio de dise\u00f1o impulsado por la misi\u00f3n de crear muebles y piezas de iluminaci\u00f3n excepcionales que encarnen el esp\u00edritu de las velas na\u00faticas. Nuestra pasi\u00f3n radica en transformar las velas desechadas en piezas extraordinarias.<\/li>\n<li>Cada vela que recuperamos tiene una rica y \u00fanica historia que contar, lo que hace que cada pieza que creamos sea verdaderamente especial. La naturaleza inherente del uso de tela de vela recuperada garantiza que no haya dos art\u00edculos id\u00e9nticos, lo que confiere una concepci\u00f3n distinta de valor y exclusividad a nuestras creaciones.<\/li>\n<li><span style=\"vertical-align: inherit;\"><span style=\"vertical-align: inherit;\">Con nuestra meticulosa atenci\u00f3n al detalle y nuestro compromiso con el dise\u00f1o sostenible, damos nueva vida a estas velas olvidadas, infundi\u00e9ndoles prop\u00f3sito y belleza. Al incorporar el car\u00e1cter y la textura aut\u00e9nticos de la vela original, ofrecemos muebles y piezas de iluminaci\u00f3n cautivadores que combinan a la perfecci\u00f3n forma, funci\u00f3n y herencia mar\u00edtima.<\/span><\/span><\/li>\n<\/ul>\n[\/text][\/vc_column][\/vc_row][vc_row row_spacing=\u00bbtop-spacing\u00bb margin_bottom=\u00bb40&#8243;][vc_column width=\u00bb1\/2&#8243; el_class=\u00bbbox-list-normal\u00bb][text]\n<h2><strong>DESCUBRE NUESTRAS L\u00c1MPARAS KNOT<br \/>\n<\/strong><\/h2>\n<p><span data-contrast=\"auto\">L\u00e1mpara <span class=\"HwtZe\" lang=\"es\"><span class=\"jCAhz ChMk0b\"><span class=\"ryNqvb\">port\u00e1til y recargable con sistema de carga de emergencia.<\/span><\/span> <span class=\"jCAhz ChMk0b\"><span class=\"ryNqvb\">Con una vida media de 30.000 horas.<\/span><\/span><\/span><br \/>\n<\/span><\/p>\n<ul>\n<li data-aria-posinset=\"1\" data-aria-level=\"3\"><span data-contrast=\"auto\">Tiempo de carga: 5 h via micro USB.\u00a0<\/span><\/li>\n<li data-aria-posinset=\"2\" data-aria-level=\"3\"><span data-contrast=\"auto\">Intensidad de luz variable: 100%, 70%, 25%.\u00a0<\/span><\/li>\n<\/ul>\n<p><span data-contrast=\"auto\">Autonom\u00eda: <\/span><\/p>\n<p><span data-contrast=\"auto\">Modo \u201cM\u00e1ximo\u201d: 10h , modo <\/span><span data-contrast=\"auto\">\u201cMedio\u201d: 20h , <\/span><span data-contrast=\"auto\">mode \u201cM\u00ednimo\u201d : 60h<\/span><\/p>\n<p><a class=\"button\" href=\"https:\/\/living-sails.dvelas.com\/landing\/es\/knot-lampara\/\" target=\"_blank\" rel=\"noopener\">Ver ahora<\/a>[\/text][\/vc_column][vc_column width=\u00bb1\/2&#8243;][single_image image=\u00bb10749&#8243; image_description=\u00bbDESCUBRE NUESTRAS L\u00c1MPARAS DE NUDOS\u00bb][\/vc_column][\/vc_row][vc_row gap=\u00bb35&#8243; bg_image_position=\u00bb50% 100%\u00bb margin_bottom=\u00bb40&#8243;][vc_column][vc_row_inner margin_bottom=\u00bb40&#8243;][vc_column_inner][\/vc_column_inner][\/vc_row_inner][\/vc_column][vc_column width=\u00bb1\/1&#8243; el_class=\u00bbtextMax\u00bb][single_image image=\u00bb10588&#8243; image_description=\u00bbL\u00e1mpara de nudo\u00bb][\/vc_column][\/vc_row][vc_row][vc_column][\/vc_column][\/vc_row]\n","protected":false},"excerpt":{"rendered":"<p>[vc_row row_layout=\u00bbfull\u00bb el_class=\u00bbheader-page-02&#8243;][vc_column width=\u00bb1\/2&#8243;][text]\ufeff\ufeff[\/text][\/vc_column][vc_column row_spacing=\u00bbtop-spacing\u00bb width=\u00bb1\/2&#8243; el_class=\u00bbbox\u00bb][single_image image=\u00bb11123&#8243;][text] PUFS G\u00c9NOIS Nuestros pufs han sido dise\u00f1ados con velas de barco recuperadas y esto significa que no hay dos iguales. Aqu\u00ed te mostramos los que tenemos disponibles en este momento, sacados de velas que nos han llegado en los \u00faltimos meses.[\/text][\/vc_column][\/vc_row][vc_row row_layout=\u00bbfull\u00bb row_spacing=\u00bbtop-spacing\u00bb el_class=\u00bblist-products\u00bb][vc_column width=\u00bb1\/1&#8243; el_class=\u00bbtextMax\u00bb][ttproduct_block image=\u00bb10919&#8243; [&hellip;]<\/p>\n","protected":false},"author":35,"featured_media":0,"parent":0,"menu_order":0,"comment_status":"closed","ping_status":"closed","template":"template-landing.php","meta":{"inline_featured_image":false},"yoast_head":"<!-- This site is optimized with the Yoast SEO plugin v17.8 - https:\/\/yoast.com\/wordpress\/plugins\/seo\/ -->\n<meta name=\"description\" content=\"DVELAS official online store. Here you can buy directly from us the different models of sail design G\u00e9nois puffs beanbags that we offer.\" \/>\n<meta name=\"robots\" content=\"index, follow, max-snippet:-1, max-image-preview:large, max-video-preview:-1\" \/>\n<link rel=\"canonical\" href=\"https:\/\/living-sails.dvelas.com\/landing\/es\/genois-bean-bag-store\/\" \/>\n<meta property=\"og:locale\" content=\"es_ES\" \/>\n<meta property=\"og:type\" content=\"article\" \/>\n<meta property=\"og:title\" content=\"G\u00e9nois bean bag &middot; Dvelas - Living Sails\" \/>\n<meta property=\"og:description\" content=\"DVELAS official online store. Here you can buy directly from us the different models of sail design G\u00e9nois puffs beanbags that we offer.\" \/>\n<meta property=\"og:url\" content=\"https:\/\/living-sails.dvelas.com\/landing\/es\/genois-bean-bag-store\/\" \/>\n<meta property=\"og:site_name\" content=\"Dvelas - Living Sails\" \/>\n<meta property=\"article:modified_time\" content=\"2025-06-12T08:58:44+00:00\" \/>\n<meta name=\"twitter:card\" content=\"summary_large_image\" \/>\n<meta name=\"twitter:label1\" content=\"Tiempo de lectura\" \/>\n\t<meta name=\"twitter:data1\" content=\"3 minutos\" \/>\n<script type=\"application\/ld+json\" class=\"yoast-schema-graph\">{\"@context\":\"https:\/\/schema.org\",\"@graph\":[{\"@type\":\"WebSite\",\"@id\":\"https:\/\/living-sails.dvelas.com\/landing\/#website\",\"url\":\"https:\/\/living-sails.dvelas.com\/landing\/\",\"name\":\"Dvelas - Living Sails\",\"description\":\"\",\"potentialAction\":[{\"@type\":\"SearchAction\",\"target\":{\"@type\":\"EntryPoint\",\"urlTemplate\":\"https:\/\/living-sails.dvelas.com\/landing\/?s={search_term_string}\"},\"query-input\":\"required name=search_term_string\"}],\"inLanguage\":\"es\"},{\"@type\":\"WebPage\",\"@id\":\"https:\/\/living-sails.dvelas.com\/landing\/es\/genois-bean-bag-store\/#webpage\",\"url\":\"https:\/\/living-sails.dvelas.com\/landing\/es\/genois-bean-bag-store\/\",\"name\":\"G\\u00e9nois bean bag &middot; Dvelas - Living Sails\",\"isPartOf\":{\"@id\":\"https:\/\/living-sails.dvelas.com\/landing\/#website\"},\"datePublished\":\"2023-10-04T16:26:16+00:00\",\"dateModified\":\"2025-06-12T08:58:44+00:00\",\"description\":\"DVELAS official online store. Here you can buy directly from us the different models of sail design G\\u00e9nois puffs beanbags that we offer.\",\"breadcrumb\":{\"@id\":\"https:\/\/living-sails.dvelas.com\/landing\/es\/genois-bean-bag-store\/#breadcrumb\"},\"inLanguage\":\"es\",\"potentialAction\":[{\"@type\":\"ReadAction\",\"target\":[\"https:\/\/living-sails.dvelas.com\/landing\/es\/genois-bean-bag-store\/\"]}]},{\"@type\":\"BreadcrumbList\",\"@id\":\"https:\/\/living-sails.dvelas.com\/landing\/es\/genois-bean-bag-store\/#breadcrumb\",\"itemListElement\":[{\"@type\":\"ListItem\",\"position\":1,\"name\":\"Home\",\"item\":\"https:\/\/living-sails.dvelas.com\/landing\/es\/\"},{\"@type\":\"ListItem\",\"position\":2,\"name\":\"G\\u00e9nois bean bag\"}]}]}<\/script>\n<!-- \/ Yoast SEO plugin. -->","yoast_head_json":{"description":"DVELAS official online store. Here you can buy directly from us the different models of sail design G\u00e9nois puffs beanbags that we offer.","robots":{"index":"index","follow":"follow","max-snippet":"max-snippet:-1","max-image-preview":"max-image-preview:large","max-video-preview":"max-video-preview:-1"},"canonical":"https:\/\/living-sails.dvelas.com\/landing\/es\/genois-bean-bag-store\/","og_locale":"es_ES","og_type":"article","og_title":"G\u00e9nois bean bag &middot; Dvelas - Living Sails","og_description":"DVELAS official online store. Here you can buy directly from us the different models of sail design G\u00e9nois puffs beanbags that we offer.","og_url":"https:\/\/living-sails.dvelas.com\/landing\/es\/genois-bean-bag-store\/","og_site_name":"Dvelas - Living Sails","article_modified_time":"2025-06-12T08:58:44+00:00","twitter_card":"summary_large_image","twitter_misc":{"Tiempo de lectura":"3 minutos"},"schema":{"@context":"https:\/\/schema.org","@graph":[{"@type":"WebSite","@id":"https:\/\/living-sails.dvelas.com\/landing\/#website","url":"https:\/\/living-sails.dvelas.com\/landing\/","name":"Dvelas - Living Sails","description":"","potentialAction":[{"@type":"SearchAction","target":{"@type":"EntryPoint","urlTemplate":"https:\/\/living-sails.dvelas.com\/landing\/?s={search_term_string}"},"query-input":"required name=search_term_string"}],"inLanguage":"es"},{"@type":"WebPage","@id":"https:\/\/living-sails.dvelas.com\/landing\/es\/genois-bean-bag-store\/#webpage","url":"https:\/\/living-sails.dvelas.com\/landing\/es\/genois-bean-bag-store\/","name":"G\u00e9nois bean bag &middot; Dvelas - Living Sails","isPartOf":{"@id":"https:\/\/living-sails.dvelas.com\/landing\/#website"},"datePublished":"2023-10-04T16:26:16+00:00","dateModified":"2025-06-12T08:58:44+00:00","description":"DVELAS official online store. Here you can buy directly from us the different models of sail design G\u00e9nois puffs beanbags that we offer.","breadcrumb":{"@id":"https:\/\/living-sails.dvelas.com\/landing\/es\/genois-bean-bag-store\/#breadcrumb"},"inLanguage":"es","potentialAction":[{"@type":"ReadAction","target":["https:\/\/living-sails.dvelas.com\/landing\/es\/genois-bean-bag-store\/"]}]},{"@type":"BreadcrumbList","@id":"https:\/\/living-sails.dvelas.com\/landing\/es\/genois-bean-bag-store\/#breadcrumb","itemListElement":[{"@type":"ListItem","position":1,"name":"Home","item":"https:\/\/living-sails.dvelas.com\/landing\/es\/"},{"@type":"ListItem","position":2,"name":"G\u00e9nois bean bag"}]}]}},"_links":{"self":[{"href":"https:\/\/living-sails.dvelas.com\/landing\/es\/wp-json\/wp\/v2\/pages\/11144"}],"collection":[{"href":"https:\/\/living-sails.dvelas.com\/landing\/es\/wp-json\/wp\/v2\/pages"}],"about":[{"href":"https:\/\/living-sails.dvelas.com\/landing\/es\/wp-json\/wp\/v2\/types\/page"}],"author":[{"embeddable":true,"href":"https:\/\/living-sails.dvelas.com\/landing\/es\/wp-json\/wp\/v2\/users\/35"}],"replies":[{"embeddable":true,"href":"https:\/\/living-sails.dvelas.com\/landing\/es\/wp-json\/wp\/v2\/comments?post=11144"}],"version-history":[{"count":59,"href":"https:\/\/living-sails.dvelas.com\/landing\/es\/wp-json\/wp\/v2\/pages\/11144\/revisions"}],"predecessor-version":[{"id":12362,"href":"https:\/\/living-sails.dvelas.com\/landing\/es\/wp-json\/wp\/v2\/pages\/11144\/revisions\/12362"}],"wp:attachment":[{"href":"https:\/\/living-sails.dvelas.com\/landing\/es\/wp-json\/wp\/v2\/media?parent=11144"}],"curies":[{"name":"wp","href":"https:\/\/api.w.org\/{rel}","templated":true}]}}