





{"id":9649,"date":"2022-08-08T13:18:09","date_gmt":"2022-08-08T11:18:09","guid":{"rendered":"https:\/\/living-sails.dvelas.com\/landing\/?page_id=9649"},"modified":"2022-08-30T13:27:06","modified_gmt":"2022-08-30T11:27:06","slug":"raw-material","status":"publish","type":"page","link":"https:\/\/living-sails.dvelas.com\/landing\/es\/raw-material\/","title":{"rendered":"Pide presupuesto para velas en bruto"},"content":{"rendered":"[vc_row row_spacing=\u00bbbottom-spacing-med\u00bb][vc_column width=\u00bb1\/3&#8243;][text]\n<h2>\u00bfQuieres utilizar este material exclusivo en tu proyecto?<\/h2>\n<ul>\n<li>Completa el siguiente formulario para solicitarnos informaci\u00f3n adicional. Te acompa\u00f1amos en todo el proceso para resolver tus dudas y necesidades.<\/li>\n<li>Una vez recibamos tus datos, nos pondremos en contacto con la mayor brevedad.<\/li>\n<\/ul>\n[\/text][\/vc_column][vc_column width=\u00bb2\/3&#8243;][text]<span id=\"info\"><!-- --><\/span>[\/text]<script type=\"text\/javascript\">if(!gform){document.addEventListener(\"gform_main_scripts_loaded\",function(){gform.scriptsLoaded=!0}),window.addEventListener(\"DOMContentLoaded\",function(){gform.domLoaded=!0});var gform={domLoaded:!1,scriptsLoaded:!1,initializeOnLoaded:function(o){gform.domLoaded&&gform.scriptsLoaded?o():!gform.domLoaded&&gform.scriptsLoaded?window.addEventListener(\"DOMContentLoaded\",o):document.addEventListener(\"gform_main_scripts_loaded\",o)},hooks:{action:{},filter:{}},addAction:function(o,n,r,t){gform.addHook(\"action\",o,n,r,t)},addFilter:function(o,n,r,t){gform.addHook(\"filter\",o,n,r,t)},doAction:function(o){gform.doHook(\"action\",o,arguments)},applyFilters:function(o){return gform.doHook(\"filter\",o,arguments)},removeAction:function(o,n){gform.removeHook(\"action\",o,n)},removeFilter:function(o,n,r){gform.removeHook(\"filter\",o,n,r)},addHook:function(o,n,r,t,i){null==gform.hooks[o][n]&&(gform.hooks[o][n]=[]);var e=gform.hooks[o][n];null==i&&(i=n+\"_\"+e.length),null==t&&(t=10),gform.hooks[o][n].push({tag:i,callable:r,priority:t})},doHook:function(o,n,r){if(r=Array.prototype.slice.call(r,1),null!=gform.hooks[o][n]){var t,i=gform.hooks[o][n];i.sort(function(o,n){return o.priority-n.priority});for(var e=0;e<i.length;e++)\"function\"!=typeof(t=i[e].callable)&&(t=window[t]),\"action\"==o?t.apply(null,r):r[0]=t.apply(null,r)}if(\"filter\"==o)return r[0]},removeHook:function(o,n,r,t){if(null!=gform.hooks[o][n])for(var i=gform.hooks[o][n],e=i.length-1;0<=e;e--)null!=t&&t!=i[e].tag||null!=r&&r!=i[e].priority||i.splice(e,1)}}}<\/script>\n                <div class='gf_browser_gecko gform_wrapper gform_wrapper_original_id_20 gform_legacy_markup_wrapper' id='gform_wrapper_1166567187' ><div id='gf_1166567187' class='gform_anchor' tabindex='-1'><\/div><form method='post' enctype='multipart\/form-data' target='gform_ajax_frame_1166567187' id='gform_1166567187'  action='\/landing\/es\/wp-json\/wp\/v2\/pages\/9649#gf_1166567187' >\n                        <div class='gform_body gform-body'><ul id='gform_fields_1166567187' class='gform_fields top_label form_sublabel_below description_above'><li id=\"field_20_1\" class=\"gfield gf-add-placeholder gfield_contains_required field_sublabel_below field_description_above gfield_visibility_visible\" ><label class='gfield_label' for='input_1166567187_1' >Nombre<span class=\"gfield_required\"><span class=\"gfield_required gfield_required_asterisk\">*<\/span><\/span><\/label><div class='ginput_container ginput_container_text'><input name='input_1' id='input_1166567187_1' type='text' value='' class='medium'   tabindex='10'  aria-required=\"true\" aria-invalid=\"false\"   \/> <\/div><\/li><li id=\"field_20_15\" class=\"gfield gfield--width-full gf-add-placeholder gfield_contains_required field_sublabel_below field_description_above gfield_visibility_visible\" ><label class='gfield_label' for='input_1166567187_15' >Apellidos<span class=\"gfield_required\"><span class=\"gfield_required gfield_required_asterisk\">*<\/span><\/span><\/label><div class='ginput_container ginput_container_text'><input name='input_15' id='input_1166567187_15' type='text' value='' class='medium'   tabindex='11'  aria-required=\"true\" aria-invalid=\"false\"   \/> <\/div><\/li><li id=\"field_20_3\" class=\"gfield gf-add-placeholder gfield_contains_required field_sublabel_below field_description_above gfield_visibility_visible\" ><label class='gfield_label' for='input_1166567187_3' >Correo electr\u00f3nico<span class=\"gfield_required\"><span class=\"gfield_required gfield_required_asterisk\">*<\/span><\/span><\/label><div class='ginput_container ginput_container_email'>\n                            <input name='input_3' id='input_1166567187_3' type='text' value='' class='medium' tabindex='12'   aria-required=\"true\" aria-invalid=\"false\"  \/>\n                        <\/div><\/li><li id=\"field_20_5\" class=\"gfield gf-add-placeholder field_sublabel_below field_description_above gfield_visibility_visible\" ><label class='gfield_label' for='input_1166567187_5' >Tel\u00e9fono<\/label><div class='ginput_container ginput_container_phone'><input name='input_5' id='input_1166567187_5' type='text' value='' class='medium' tabindex='13'   aria-invalid=\"false\"   \/><\/div><\/li><li id=\"field_20_8\" class=\"gfield gfield--width-full gf-add-placeholder gfield_contains_required field_sublabel_below field_description_above gfield_visibility_visible\" ><label class='gfield_label' for='input_1166567187_8' >C\u00f3digo postal<span class=\"gfield_required\"><span class=\"gfield_required gfield_required_asterisk\">*<\/span><\/span><\/label><div class='ginput_container ginput_container_text'><input name='input_8' id='input_1166567187_8' type='text' value='' class='medium'   tabindex='14'  aria-required=\"true\" aria-invalid=\"false\"   \/> <\/div><\/li><li id=\"field_20_16\" class=\"gfield gfield--width-full gf-add-placeholder gfield_contains_required field_sublabel_below field_description_above gfield_visibility_visible\" ><label class='gfield_label' for='input_1166567187_16' >Pa\u00eds<span class=\"gfield_required\"><span class=\"gfield_required gfield_required_asterisk\">*<\/span><\/span><\/label><div class='ginput_container ginput_container_text'><input name='input_16' id='input_1166567187_16' type='text' value='' class='medium'   tabindex='15'  aria-required=\"true\" aria-invalid=\"false\"   \/> <\/div><\/li><li id=\"field_20_18\" class=\"gfield gfield--width-full gf-add-placeholder gfield_contains_required field_sublabel_below field_description_above gfield_visibility_visible\" ><label class='gfield_label' for='input_1166567187_18' >Eres...<span class=\"gfield_required\"><span class=\"gfield_required gfield_required_asterisk\">*<\/span><\/span><\/label><div class='ginput_container ginput_container_select'><select name='input_18' id='input_1166567187_18' class='large gfield_select' tabindex='16'   aria-required=\"true\" aria-invalid=\"false\" ><option value='Particular' >Particular<\/option><option value='Empresa \/ Negocio' >Empresa \/ Negocio<\/option><option value='Profesional de la arquitectura o interiorismo' >Profesional de la arquitectura o interiorismo<\/option><option value='Distribuidor \/ tienda' >Distribuidor \/ tienda<\/option><\/select><\/div><\/li><li id=\"field_20_6\" class=\"gfield gf-add-placeholder gfield_contains_required field_sublabel_below field_description_above gfield_visibility_visible\" ><label class='gfield_label' for='input_1166567187_6' >Cu\u00e9ntanos tu necesidad<span class=\"gfield_required\"><span class=\"gfield_required gfield_required_asterisk\">*<\/span><\/span><\/label><div class='ginput_container ginput_container_textarea'><textarea name='input_6' id='input_1166567187_6' class='textarea medium' tabindex='17'    aria-required=\"true\" aria-invalid=\"false\"   rows='10' cols='50'><\/textarea><\/div><\/li><li id=\"field_20_19\" class=\"gfield gfield--width-full gf-add-placeholder field_sublabel_below field_description_above gfield_visibility_visible\" ><label class='gfield_label' for='input_1166567187_19' >\u00bfEst\u00e1s interesado en otros productos?<\/label><div class='ginput_container ginput_container_textarea'><textarea name='input_19' id='input_1166567187_19' class='textarea medium' tabindex='18'     aria-invalid=\"false\"   rows='10' cols='50'><\/textarea><\/div><\/li><li id=\"field_20_7\" class=\"gfield check gfield_contains_required field_sublabel_below field_description_above gfield_visibility_visible\" ><label class='gfield_label gfield_label_before_complex'  >Acepto pol\u00edtica legal<span class=\"gfield_required\"><span class=\"gfield_required gfield_required_asterisk\">*<\/span><\/span><\/label><div class='ginput_container ginput_container_checkbox'><ul class='gfield_checkbox' id='input_1166567187_7'><li class='gchoice gchoice_20_7_1'>\n\t\t\t\t\t\t\t\t<input class='gfield-choice-input' name='input_7.1' type='checkbox'  value='He le\u00eddo y acepto la pol\u00edtica de privacidad de la web'  id='choice_1166567187_20_7_1' tabindex='19'  \/>\n\t\t\t\t\t\t\t\t<label for='choice_1166567187_20_7_1' id='label_1166567187_20_7_1'>He le\u00eddo y acepto la <a href=\"https:\/\/dvelas.com\/es\/politica-de-privacidad\/\" target=\"_blank\">pol\u00edtica de privacidad<\/a> de la web<\/label>\n\t\t\t\t\t\t\t<\/li><\/ul><\/div><\/li><li id=\"field_20_13\" class=\"gfield gfield--width-full check gfield_contains_required field_sublabel_below field_description_above gfield_visibility_visible\" ><label class='gfield_label gfield_label_before_complex'  >informaci\u00f3n comercial de DVELAS por email<span class=\"gfield_required\"><span class=\"gfield_required gfield_required_asterisk\">*<\/span><\/span><\/label><div class='ginput_container ginput_container_checkbox'><ul class='gfield_checkbox' id='input_1166567187_13'><li class='gchoice gchoice_20_13_1'>\n\t\t\t\t\t\t\t\t<input class='gfield-choice-input' name='input_13.1' type='checkbox'  value='Acepto recibir informaci\u00f3n comercial de DVELAS por email'  id='choice_1166567187_20_13_1' tabindex='20'  \/>\n\t\t\t\t\t\t\t\t<label for='choice_1166567187_20_13_1' id='label_1166567187_20_13_1'>Acepto recibir informaci\u00f3n comercial de DVELAS por email<\/label>\n\t\t\t\t\t\t\t<\/li><\/ul><\/div><\/li><li id=\"field_20_10\" class=\"gfield gfield--width-full gfield_html gfield_html_formatted gfield_no_follows_desc field_sublabel_below field_description_above gfield_visibility_visible\" ><p class=\"open-box-legal\"><a href=\"#legal\">Informaci\u00f3n legal<\/a><\/p>\n<div id=\"legal\" class=\"box-legal\"><p>DVELAS tratar\u00e1 sus datos personales para gestionar la descarga y si nos lo autoriza para enviarle informaci\u00f3n comercial por medios electr\u00f3nicos. Para m\u00e1s informaci\u00f3n y ejercicio de derechos consulte <a href=\"https:\/\/dvelas.com\/es\/politica-de-privacidad\/\" target=\"_blank\">AQU\u00cd<\/a><\/p><\/div><\/li><li id=\"field_20_11\" class=\"gfield gfield--width-full gform_hidden field_sublabel_below field_description_above gfield_visibility_visible\" ><div class='ginput_container ginput_container_text'><input name='input_11' id='input_1166567187_11' type='hidden' class='gform_hidden'  aria-invalid=\"false\" value='Web' \/><\/div><\/li><li id=\"field_20_14\" class=\"gfield gfield--width-full gform_hidden field_sublabel_below field_description_above gfield_visibility_visible\" ><div class='ginput_container ginput_container_text'><input name='input_14' id='input_1166567187_14' type='hidden' class='gform_hidden'  aria-invalid=\"false\" value='' \/><\/div><\/li><li id=\"field_20_12\" class=\"gfield gfield--width-full gform_hidden field_sublabel_below field_description_above gfield_visibility_visible\" ><div class='ginput_container ginput_container_text'><input name='input_12' id='input_1166567187_12' type='hidden' class='gform_hidden'  aria-invalid=\"false\" value='https:\/\/living-sails.dvelas.com\/landing\/es\/wp-json\/wp\/v2\/pages\/9649' \/><\/div><\/li><li id=\"field_20_20\" class=\"gfield gform_validation_container field_sublabel_below field_description_above gfield_visibility_visible\" ><label class='gfield_label' for='input_1166567187_20' >Phone<\/label><div class='gfield_description' id='gfield_description_20_20'>This field is for validation purposes and should be left unchanged.<\/div><div class='ginput_container'><input name='input_20' id='input_1166567187_20' type='text' value='' \/><\/div><\/li><\/ul><\/div>\n        <div class='gform_footer top_label'> <input type='submit' id='gform_submit_button_1166567187' class='gform_button button' value='P\u00eddenos m\u00e1s informaci\u00f3n' tabindex='21' onclick='if(window[\"gf_submitting_1166567187\"]){return false;}  window[\"gf_submitting_1166567187\"]=true;  ' onkeypress='if( event.keyCode == 13 ){ if(window[\"gf_submitting_1166567187\"]){return false;} window[\"gf_submitting_1166567187\"]=true;  jQuery(\"#gform_1166567187\").trigger(\"submit\",[true]); }' \/> <input type='hidden' name='gform_ajax' value='form_id=20&amp;title=&amp;description=&amp;tabindex=10' \/>\n            <input type='hidden' class='gform_hidden' name='is_submit_20' value='1' \/>\n            <input type='hidden' class='gform_hidden' name='gform_submit' value='20' \/>\n            \n            <input type='hidden' class='gform_hidden' name='gform_unique_id' value='' \/>\n            <input type='hidden' class='gform_hidden' name='state_20' value='WyJbXSIsImU2ZDI3YjkyZDExYmRhNWFmMmRlNmE0ZDhlZjIwOTg5Il0=' \/>\n            <input type='hidden' class='gform_hidden' name='gform_target_page_number_20' id='gform_target_page_number_20' value='0' \/>\n            <input type='hidden' class='gform_hidden' name='gform_source_page_number_20' id='gform_source_page_number_20' value='1' \/>\n            <input type='hidden' name='gform_random_id' value='1166567187' \/><input type='hidden' name='gform_field_values' value='' \/>\n            \n        <\/div>\n                        <\/form>\n                        <\/div>\n                <iframe style='display:none;width:0px;height:0px;' src='about:blank' name='gform_ajax_frame_1166567187' id='gform_ajax_frame_1166567187' title='This iframe contains the logic required to handle Ajax powered Gravity Forms.'><\/iframe>\n                <script type='text\/javascript'>gform.initializeOnLoaded( function() {gformInitSpinner( 1166567187, 'https:\/\/living-sails.dvelas.com\/landing\/media\/loading.gif' );jQuery('#gform_ajax_frame_1166567187').on('load',function(){var contents = jQuery(this).contents().find('*').html();var is_postback = contents.indexOf('GF_AJAX_POSTBACK') >= 0;if(!is_postback){return;}var form_content = jQuery(this).contents().find('#gform_wrapper_1166567187');var is_confirmation = jQuery(this).contents().find('#gform_confirmation_wrapper_1166567187').length > 0;var is_redirect = contents.indexOf('gformRedirect(){') >= 0;var is_form = form_content.length > 0 && ! is_redirect && ! is_confirmation;var mt = parseInt(jQuery('html').css('margin-top'), 10) + parseInt(jQuery('body').css('margin-top'), 10) + 100;if(is_form){jQuery('#gform_wrapper_1166567187').html(form_content.html());if(form_content.hasClass('gform_validation_error')){jQuery('#gform_wrapper_1166567187').addClass('gform_validation_error');} else {jQuery('#gform_wrapper_1166567187').removeClass('gform_validation_error');}setTimeout( function() { \/* delay the scroll by 50 milliseconds to fix a bug in chrome *\/ jQuery(document).scrollTop(jQuery('#gform_wrapper_1166567187').offset().top - mt); }, 50 );if(window['gformInitDatepicker']) {gformInitDatepicker();}if(window['gformInitPriceFields']) {gformInitPriceFields();}var current_page = jQuery('#gform_source_page_number_20').val();gformInitSpinner( 1166567187, 'https:\/\/living-sails.dvelas.com\/landing\/media\/loading.gif' );jQuery(document).trigger('gform_page_loaded', [1166567187, current_page]);window['gf_submitting_1166567187'] = false;}else if(!is_redirect){var confirmation_content = jQuery(this).contents().find('.GF_AJAX_POSTBACK').html();if(!confirmation_content){confirmation_content = contents;}setTimeout(function(){jQuery('#gform_wrapper_1166567187').replaceWith(confirmation_content);jQuery(document).scrollTop(jQuery('#gf_1166567187').offset().top - mt);jQuery(document).trigger('gform_confirmation_loaded', [1166567187]);window['gf_submitting_1166567187'] = false;wp.a11y.speak(jQuery('#gform_confirmation_message_1166567187').text());}, 50);}else{jQuery('#gform_1166567187').append(contents);if(window['gformRedirect']) {gformRedirect();}}jQuery(document).trigger('gform_post_render', [1166567187, current_page]);} );} );<\/script>[\/vc_column][\/vc_row]\n","protected":false},"excerpt":{"rendered":"<p>[vc_row row_spacing=\u00bbbottom-spacing-med\u00bb][vc_column width=\u00bb1\/3&#8243;][text] \u00bfQuieres utilizar este material exclusivo en tu proyecto? Completa el siguiente formulario para solicitarnos informaci\u00f3n adicional. Te acompa\u00f1amos en todo el proceso para resolver tus dudas y necesidades. Una vez recibamos tus datos, nos pondremos en contacto con la mayor brevedad. [\/text][\/vc_column][vc_column width=\u00bb2\/3&#8243;][text][\/text][\/vc_column][\/vc_row]<\/p>\n","protected":false},"author":33,"featured_media":9666,"parent":0,"menu_order":0,"comment_status":"closed","ping_status":"closed","template":"template-no-share.php","meta":{"inline_featured_image":false},"yoast_head":"<!-- This site is optimized with the Yoast SEO plugin v17.8 - https:\/\/yoast.com\/wordpress\/plugins\/seo\/ -->\n<meta name=\"description\" content=\"Solicita presupuesto de las soluciones de velas en bruto de DVELAS\" \/>\n<meta name=\"robots\" content=\"index, follow, max-snippet:-1, max-image-preview:large, max-video-preview:-1\" \/>\n<link rel=\"canonical\" href=\"https:\/\/living-sails.dvelas.com\/landing\/es\/raw-material\/\" \/>\n<meta property=\"og:locale\" content=\"es_ES\" \/>\n<meta property=\"og:type\" content=\"article\" \/>\n<meta property=\"og:title\" content=\"Solicita presupuesto: velas en bruto\" \/>\n<meta property=\"og:description\" content=\"Solicita presupuesto de las soluciones de velas en bruto de DVELAS\" \/>\n<meta property=\"og:url\" content=\"https:\/\/living-sails.dvelas.com\/landing\/es\/raw-material\/\" \/>\n<meta property=\"og:site_name\" content=\"Dvelas - Living Sails\" \/>\n<meta property=\"article:modified_time\" content=\"2022-08-30T11:27:06+00:00\" \/>\n<meta property=\"og:image\" content=\"https:\/\/living-sails.dvelas.com\/landing\/media\/header-presupuesto-3.jpg\" \/>\n\t<meta property=\"og:image:width\" content=\"2040\" \/>\n\t<meta property=\"og:image:height\" content=\"479\" \/>\n<meta name=\"twitter:card\" content=\"summary_large_image\" \/>\n<meta name=\"twitter:label1\" content=\"Tiempo de lectura\" \/>\n\t<meta name=\"twitter:data1\" content=\"1 minuto\" \/>\n<script type=\"application\/ld+json\" class=\"yoast-schema-graph\">{\"@context\":\"https:\/\/schema.org\",\"@graph\":[{\"@type\":\"WebSite\",\"@id\":\"https:\/\/living-sails.dvelas.com\/landing\/#website\",\"url\":\"https:\/\/living-sails.dvelas.com\/landing\/\",\"name\":\"Dvelas - Living Sails\",\"description\":\"\",\"potentialAction\":[{\"@type\":\"SearchAction\",\"target\":{\"@type\":\"EntryPoint\",\"urlTemplate\":\"https:\/\/living-sails.dvelas.com\/landing\/?s={search_term_string}\"},\"query-input\":\"required name=search_term_string\"}],\"inLanguage\":\"es\"},{\"@type\":\"ImageObject\",\"@id\":\"https:\/\/living-sails.dvelas.com\/landing\/es\/raw-material\/#primaryimage\",\"inLanguage\":\"es\",\"url\":\"https:\/\/living-sails.dvelas.com\/landing\/media\/header-presupuesto-3.jpg\",\"contentUrl\":\"https:\/\/living-sails.dvelas.com\/landing\/media\/header-presupuesto-3.jpg\",\"width\":2040,\"height\":479},{\"@type\":\"WebPage\",\"@id\":\"https:\/\/living-sails.dvelas.com\/landing\/es\/raw-material\/#webpage\",\"url\":\"https:\/\/living-sails.dvelas.com\/landing\/es\/raw-material\/\",\"name\":\"Solicita presupuesto: velas en bruto\",\"isPartOf\":{\"@id\":\"https:\/\/living-sails.dvelas.com\/landing\/#website\"},\"primaryImageOfPage\":{\"@id\":\"https:\/\/living-sails.dvelas.com\/landing\/es\/raw-material\/#primaryimage\"},\"datePublished\":\"2022-08-08T11:18:09+00:00\",\"dateModified\":\"2022-08-30T11:27:06+00:00\",\"description\":\"Solicita presupuesto de las soluciones de velas en bruto de DVELAS\",\"breadcrumb\":{\"@id\":\"https:\/\/living-sails.dvelas.com\/landing\/es\/raw-material\/#breadcrumb\"},\"inLanguage\":\"es\",\"potentialAction\":[{\"@type\":\"ReadAction\",\"target\":[\"https:\/\/living-sails.dvelas.com\/landing\/es\/raw-material\/\"]}]},{\"@type\":\"BreadcrumbList\",\"@id\":\"https:\/\/living-sails.dvelas.com\/landing\/es\/raw-material\/#breadcrumb\",\"itemListElement\":[{\"@type\":\"ListItem\",\"position\":1,\"name\":\"Home\",\"item\":\"https:\/\/living-sails.dvelas.com\/landing\/es\/\"},{\"@type\":\"ListItem\",\"position\":2,\"name\":\"Pide presupuesto para velas en bruto\"}]}]}<\/script>\n<!-- \/ Yoast SEO plugin. -->","yoast_head_json":{"description":"Solicita presupuesto de las soluciones de velas en bruto de DVELAS","robots":{"index":"index","follow":"follow","max-snippet":"max-snippet:-1","max-image-preview":"max-image-preview:large","max-video-preview":"max-video-preview:-1"},"canonical":"https:\/\/living-sails.dvelas.com\/landing\/es\/raw-material\/","og_locale":"es_ES","og_type":"article","og_title":"Solicita presupuesto: velas en bruto","og_description":"Solicita presupuesto de las soluciones de velas en bruto de DVELAS","og_url":"https:\/\/living-sails.dvelas.com\/landing\/es\/raw-material\/","og_site_name":"Dvelas - Living Sails","article_modified_time":"2022-08-30T11:27:06+00:00","og_image":[{"width":2040,"height":479,"url":"https:\/\/living-sails.dvelas.com\/landing\/media\/header-presupuesto-3.jpg","type":"image\/jpeg"}],"twitter_card":"summary_large_image","twitter_misc":{"Tiempo de lectura":"1 minuto"},"schema":{"@context":"https:\/\/schema.org","@graph":[{"@type":"WebSite","@id":"https:\/\/living-sails.dvelas.com\/landing\/#website","url":"https:\/\/living-sails.dvelas.com\/landing\/","name":"Dvelas - Living Sails","description":"","potentialAction":[{"@type":"SearchAction","target":{"@type":"EntryPoint","urlTemplate":"https:\/\/living-sails.dvelas.com\/landing\/?s={search_term_string}"},"query-input":"required name=search_term_string"}],"inLanguage":"es"},{"@type":"ImageObject","@id":"https:\/\/living-sails.dvelas.com\/landing\/es\/raw-material\/#primaryimage","inLanguage":"es","url":"https:\/\/living-sails.dvelas.com\/landing\/media\/header-presupuesto-3.jpg","contentUrl":"https:\/\/living-sails.dvelas.com\/landing\/media\/header-presupuesto-3.jpg","width":2040,"height":479},{"@type":"WebPage","@id":"https:\/\/living-sails.dvelas.com\/landing\/es\/raw-material\/#webpage","url":"https:\/\/living-sails.dvelas.com\/landing\/es\/raw-material\/","name":"Solicita presupuesto: velas en bruto","isPartOf":{"@id":"https:\/\/living-sails.dvelas.com\/landing\/#website"},"primaryImageOfPage":{"@id":"https:\/\/living-sails.dvelas.com\/landing\/es\/raw-material\/#primaryimage"},"datePublished":"2022-08-08T11:18:09+00:00","dateModified":"2022-08-30T11:27:06+00:00","description":"Solicita presupuesto de las soluciones de velas en bruto de DVELAS","breadcrumb":{"@id":"https:\/\/living-sails.dvelas.com\/landing\/es\/raw-material\/#breadcrumb"},"inLanguage":"es","potentialAction":[{"@type":"ReadAction","target":["https:\/\/living-sails.dvelas.com\/landing\/es\/raw-material\/"]}]},{"@type":"BreadcrumbList","@id":"https:\/\/living-sails.dvelas.com\/landing\/es\/raw-material\/#breadcrumb","itemListElement":[{"@type":"ListItem","position":1,"name":"Home","item":"https:\/\/living-sails.dvelas.com\/landing\/es\/"},{"@type":"ListItem","position":2,"name":"Pide presupuesto para velas en bruto"}]}]}},"_links":{"self":[{"href":"https:\/\/living-sails.dvelas.com\/landing\/es\/wp-json\/wp\/v2\/pages\/9649"}],"collection":[{"href":"https:\/\/living-sails.dvelas.com\/landing\/es\/wp-json\/wp\/v2\/pages"}],"about":[{"href":"https:\/\/living-sails.dvelas.com\/landing\/es\/wp-json\/wp\/v2\/types\/page"}],"author":[{"embeddable":true,"href":"https:\/\/living-sails.dvelas.com\/landing\/es\/wp-json\/wp\/v2\/users\/33"}],"replies":[{"embeddable":true,"href":"https:\/\/living-sails.dvelas.com\/landing\/es\/wp-json\/wp\/v2\/comments?post=9649"}],"version-history":[{"count":4,"href":"https:\/\/living-sails.dvelas.com\/landing\/es\/wp-json\/wp\/v2\/pages\/9649\/revisions"}],"predecessor-version":[{"id":9692,"href":"https:\/\/living-sails.dvelas.com\/landing\/es\/wp-json\/wp\/v2\/pages\/9649\/revisions\/9692"}],"wp:featuredmedia":[{"embeddable":true,"href":"https:\/\/living-sails.dvelas.com\/landing\/es\/wp-json\/wp\/v2\/media\/9666"}],"wp:attachment":[{"href":"https:\/\/living-sails.dvelas.com\/landing\/es\/wp-json\/wp\/v2\/media?parent=9649"}],"curies":[{"name":"wp","href":"https:\/\/api.w.org\/{rel}","templated":true}]}}